{"id":17,"date":"2022-10-14T15:50:26","date_gmt":"2022-10-14T18:50:26","guid":{"rendered":"http:\/\/placidos.com.br\/?page_id=17"},"modified":"2025-01-18T10:14:06","modified_gmt":"2025-01-18T12:14:06","slug":"contato","status":"publish","type":"page","link":"http:\/\/placidos.com.br\/?page_id=17","title":{"rendered":"Fale conosco"},"content":{"rendered":"\n<pre class=\"wp-block-verse has-black-color has-text-color has-large-font-size\" style=\"font-style:normal;font-weight:300\"><strong><mark style=\"background-color:rgba(0, 0, 0, 0)\" class=\"has-inline-color has-black-color\">Telefone: +55 (15) 3522-2615<\/mark><\/strong>\n<strong><mark style=\"background-color:rgba(0, 0, 0, 0)\" class=\"has-inline-color has-black-color\">e-Mail: contato@placidos.com.br<\/mark><\/strong><\/pre>\n\n\n\n<div class=\"wp-container-1 wp-block-group\"><div class=\"wp-block-group__inner-container\">\n<h2>Departamentos:<\/h2>\n<ul>\n<li style=\"list-style-type: none;\">\n<ul>\n<li>Administrativo: +55 (15) 9 9783-6674 &#8211; Luiz Mattos (luiz@placidos.com.br)<\/li>\n<li>Financeiro:&nbsp; &nbsp; &nbsp; &nbsp; &nbsp;+55 (15) 9 9783-6650 &#8211; Maciel Rocha (financeiro@placidos.com.br)<\/li>\n<li>Compras:&nbsp; &nbsp; &nbsp; &nbsp; &nbsp; &nbsp; &nbsp;+55 (15) 9 9713-1363 &#8211; Leandro Tomaz (compras@placidos.com.br)<\/li>\n<\/ul>\n<\/li>\n<\/ul>\n<\/div><\/div>\n\n\n<div class=\"wp-block-image is-style-rounded\">\n<figure class=\"aligncenter size-full\"><img loading=\"lazy\" width=\"314\" height=\"334\" src=\"http:\/\/placidos.com.br\/wp-content\/uploads\/2022\/10\/Captura-de-Tela-2022-10-17-a\u0300s-15.36.32.png\" alt=\"\" class=\"wp-image-173\" srcset=\"http:\/\/placidos.com.br\/wp-content\/uploads\/2022\/10\/Captura-de-Tela-2022-10-17-a\u0300s-15.36.32.png 314w, http:\/\/placidos.com.br\/wp-content\/uploads\/2022\/10\/Captura-de-Tela-2022-10-17-a\u0300s-15.36.32-282x300.png 282w\" sizes=\"(max-width: 314px) 100vw, 314px\" \/><figcaption>Fale conosco pelo WhatsApp<\/figcaption><\/figure><\/div>\n\n\n<h2>Matriz:<\/h2>\n\n\n\n<p>Nosso escrit\u00f3rio central est\u00e1 sediado em Itapeva-SP<br>Rua Arthur Oswaldo Franson, 80 &#8211; Rod. Francisco Alves Negr\u00e3o (SP258) Km 283,8<br>Recanto Pil\u00e3o D&#8217;\u00e1gua &#8211; Itapeva \/SP &#8211; CEP: 18.402-175<\/p>\n\n\n\n<h2>Base operacional em Len\u00e7\u00f3is Paulista\/SP:<\/h2>\n\n\n\n<div class=\"wp-container-3 is-vertical wp-block-group\">\n<div class=\"wp-container-2 is-vertical wp-block-group\">\n<p>Estrada Vicinal Edmundo Nelli, 651 &#8211; Jardim Nova Len\u00e7\u00f3is<br>CEP: 18685-508 &#8211; Telefone: +55 (14) 3263-3933 \/ 3264-5289<br><strong>Resp. pelas manuten\u00e7\u00f5es:<\/strong> Daniel Videira Dias +55 (15) 99783-6658<\/p>\n<\/div>\n<\/div>\n\n\n\n<h2>Base operacional em Itapetininga\/SP:<\/h2>\n\n\n\n<div class=\"wp-container-4 is-vertical wp-block-group\">\n<p>Estrada Francisco Cesar Rosa,31 &#8211; Vila Sotemo<br>CEP: 18.207-790 &#8211; Telefone: +55 (15) 3271-3180<br><strong>Resp. pelas manuten\u00e7\u00f5es:<\/strong> Crystian +55 (15) 99710-0627<\/p>\n<\/div>\n","protected":false},"excerpt":{"rendered":"<p>Telefone: +55 (15) 3522-2615 e-Mail: contato@placidos.com.br Departamentos: Administrativo: +55 (15) 9 9783-6674 &#8211; Luiz Mattos [&hellip;]<\/p>\n","protected":false},"author":1,"featured_media":110,"parent":0,"menu_order":0,"comment_status":"closed","ping_status":"closed","template":"","meta":[],"_links":{"self":[{"href":"http:\/\/placidos.com.br\/index.php?rest_route=\/wp\/v2\/pages\/17"}],"collection":[{"href":"http:\/\/placidos.com.br\/index.php?rest_route=\/wp\/v2\/pages"}],"about":[{"href":"http:\/\/placidos.com.br\/index.php?rest_route=\/wp\/v2\/types\/page"}],"author":[{"embeddable":true,"href":"http:\/\/placidos.com.br\/index.php?rest_route=\/wp\/v2\/users\/1"}],"replies":[{"embeddable":true,"href":"http:\/\/placidos.com.br\/index.php?rest_route=%2Fwp%2Fv2%2Fcomments&post=17"}],"version-history":[{"count":30,"href":"http:\/\/placidos.com.br\/index.php?rest_route=\/wp\/v2\/pages\/17\/revisions"}],"predecessor-version":[{"id":281,"href":"http:\/\/placidos.com.br\/index.php?rest_route=\/wp\/v2\/pages\/17\/revisions\/281"}],"wp:featuredmedia":[{"embeddable":true,"href":"http:\/\/placidos.com.br\/index.php?rest_route=\/wp\/v2\/media\/110"}],"wp:attachment":[{"href":"http:\/\/placidos.com.br\/index.php?rest_route=%2Fwp%2Fv2%2Fmedia&parent=17"}],"curies":[{"name":"wp","href":"https:\/\/api.w.org\/{rel}","templated":true}]}}