{"id":93,"date":"2022-10-17T12:00:49","date_gmt":"2022-10-17T14:00:49","guid":{"rendered":"http:\/\/placidos.com.br\/?page_id=93"},"modified":"2022-10-18T10:15:24","modified_gmt":"2022-10-18T12:15:24","slug":"transportes","status":"publish","type":"page","link":"https:\/\/placidos.com.br\/?page_id=93","title":{"rendered":"Transportes"},"content":{"rendered":"\n<div class=\"wp-block-media-text alignwide is-stacked-on-mobile\"><figure class=\"wp-block-media-text__media\"><img loading=\"lazy\" width=\"256\" height=\"192\" src=\"http:\/\/placidos.com.br\/wp-content\/uploads\/2022\/10\/man03.jpg\" alt=\"\" class=\"wp-image-117 size-full\"\/><\/figure><div class=\"wp-block-media-text__content\">\n<p class=\"has-medium-font-size\">Visando a redu\u00e7\u00e3o de custos, buscando maior competitividade no setor, a Pl\u00e1cido&#8217;s Transportes tem investido constantemente em equipamentos para efetuar o carregamento e baldeio da madeira.<\/p>\n\n\n\n<p class=\"has-medium-font-size\">Toda madeira \u00e9 cuidadosamente depositada em talh\u00f5es espec\u00edficos facilitando o acesso aos caminh\u00f5es para o transporte, mesmo em dias chuvosos!<\/p>\n<\/div><\/div>\n\n\n\n<blockquote class=\"wp-block-quote has-medium-font-size\"><p><strong><em>Processo de renova\u00e7\u00e3o de frota<\/em><\/strong><\/p><cite>Sempre buscando a melhor produtividade de nossos equipamentos, investimentos constantes s\u00e3o considerados.<\/cite><\/blockquote>\n\n\n\n<div class=\"wp-container-3 wp-block-group\"><div class=\"wp-block-group__inner-container\">\n<figure class=\"wp-container-2 wp-block-gallery-1 wp-block-gallery has-nested-images columns-default is-cropped\">\n<figure class=\"wp-block-image size-large\"><img loading=\"lazy\" width=\"768\" height=\"1024\" src=\"http:\/\/placidos.com.br\/wp-content\/uploads\/2022\/10\/PHOTO-2022-09-26-16-03-00-1-768x1024.jpg\" alt=\"\" class=\"wp-image-155\" srcset=\"https:\/\/placidos.com.br\/wp-content\/uploads\/2022\/10\/PHOTO-2022-09-26-16-03-00-1-768x1024.jpg 768w, https:\/\/placidos.com.br\/wp-content\/uploads\/2022\/10\/PHOTO-2022-09-26-16-03-00-1-225x300.jpg 225w, https:\/\/placidos.com.br\/wp-content\/uploads\/2022\/10\/PHOTO-2022-09-26-16-03-00-1.jpg 960w\" sizes=\"(max-width: 768px) 100vw, 768px\" \/><\/figure>\n\n\n\n<figure class=\"wp-block-image size-large\"><img loading=\"lazy\" width=\"1024\" height=\"768\" src=\"http:\/\/placidos.com.br\/wp-content\/uploads\/2022\/10\/PHOTO-2022-09-26-16-03-27-1.jpg\" alt=\"\" class=\"wp-image-154\" srcset=\"https:\/\/placidos.com.br\/wp-content\/uploads\/2022\/10\/PHOTO-2022-09-26-16-03-27-1.jpg 1024w, https:\/\/placidos.com.br\/wp-content\/uploads\/2022\/10\/PHOTO-2022-09-26-16-03-27-1-300x225.jpg 300w, https:\/\/placidos.com.br\/wp-content\/uploads\/2022\/10\/PHOTO-2022-09-26-16-03-27-1-768x576.jpg 768w\" sizes=\"(max-width: 1024px) 100vw, 1024px\" \/><\/figure>\n<\/figure>\n<\/div><\/div>\n\n\n<div class=\"wp-block-image\">\n<figure class=\"aligncenter size-full is-resized\"><img loading=\"lazy\" src=\"http:\/\/placidos.com.br\/wp-content\/uploads\/2022\/10\/cam03.jpg\" alt=\"\" class=\"wp-image-118\" width=\"486\" height=\"364\" srcset=\"https:\/\/placidos.com.br\/wp-content\/uploads\/2022\/10\/cam03.jpg 512w, https:\/\/placidos.com.br\/wp-content\/uploads\/2022\/10\/cam03-300x225.jpg 300w\" sizes=\"(max-width: 486px) 100vw, 486px\" \/><figcaption><strong>Transporte de m\u00e1quinas Florestais<\/strong><\/figcaption><\/figure><\/div>\n\n\n<figure class=\"wp-container-5 wp-block-gallery-4 wp-block-gallery aligncenter has-nested-images columns-default is-cropped\">\n<figure class=\"wp-block-image size-full\"><img loading=\"lazy\" width=\"514\" height=\"385\" data-id=\"182\"  src=\"http:\/\/placidos.com.br\/wp-content\/uploads\/2022\/10\/man071-1.jpg\" alt=\"\" class=\"wp-image-182\" srcset=\"https:\/\/placidos.com.br\/wp-content\/uploads\/2022\/10\/man071-1.jpg 514w, https:\/\/placidos.com.br\/wp-content\/uploads\/2022\/10\/man071-1-300x225.jpg 300w\" sizes=\"(max-width: 514px) 100vw, 514px\" \/><\/figure>\n<\/figure>\n\n\n\n<figure class=\"wp-container-7 wp-block-gallery-6 wp-block-gallery has-nested-images columns-default is-cropped\">\n<figure class=\"wp-block-image size-large\"><img loading=\"lazy\" width=\"511\" height=\"383\" data-id=\"140\"  src=\"http:\/\/placidos.com.br\/wp-content\/uploads\/2022\/10\/cam01-1.jpg\" alt=\"\" class=\"wp-image-140\" srcset=\"https:\/\/placidos.com.br\/wp-content\/uploads\/2022\/10\/cam01-1.jpg 511w, https:\/\/placidos.com.br\/wp-content\/uploads\/2022\/10\/cam01-1-300x225.jpg 300w\" sizes=\"(max-width: 511px) 100vw, 511px\" \/><\/figure>\n\n\n\n<figure class=\"wp-block-image size-large\"><img loading=\"lazy\" width=\"512\" height=\"384\" data-id=\"141\"  src=\"http:\/\/placidos.com.br\/wp-content\/uploads\/2022\/10\/cam02.jpg\" alt=\"\" class=\"wp-image-141\" srcset=\"https:\/\/placidos.com.br\/wp-content\/uploads\/2022\/10\/cam02.jpg 512w, https:\/\/placidos.com.br\/wp-content\/uploads\/2022\/10\/cam02-300x225.jpg 300w\" sizes=\"(max-width: 512px) 100vw, 512px\" \/><\/figure>\n<\/figure>\n\n\n\n<div class=\"wp-container-8 wp-block-buttons\">\n<div class=\"wp-block-button\"><a class=\"wp-block-button__link\" href=\"http:\/\/placidos.com.br\/?page_id=17\">Fale conosco<\/a><\/div>\n<\/div>\n","protected":false},"excerpt":{"rendered":"<p>Visando a redu\u00e7\u00e3o de custos, buscando maior competitividade no setor, a Pl\u00e1cido&#8217;s Transportes tem investido [&hellip;]<\/p>\n","protected":false},"author":1,"featured_media":0,"parent":0,"menu_order":0,"comment_status":"closed","ping_status":"closed","template":"","meta":[],"_links":{"self":[{"href":"https:\/\/placidos.com.br\/index.php?rest_route=\/wp\/v2\/pages\/93"}],"collection":[{"href":"https:\/\/placidos.com.br\/index.php?rest_route=\/wp\/v2\/pages"}],"about":[{"href":"https:\/\/placidos.com.br\/index.php?rest_route=\/wp\/v2\/types\/page"}],"author":[{"embeddable":true,"href":"https:\/\/placidos.com.br\/index.php?rest_route=\/wp\/v2\/users\/1"}],"replies":[{"embeddable":true,"href":"https:\/\/placidos.com.br\/index.php?rest_route=%2Fwp%2Fv2%2Fcomments&post=93"}],"version-history":[{"count":18,"href":"https:\/\/placidos.com.br\/index.php?rest_route=\/wp\/v2\/pages\/93\/revisions"}],"predecessor-version":[{"id":209,"href":"https:\/\/placidos.com.br\/index.php?rest_route=\/wp\/v2\/pages\/93\/revisions\/209"}],"wp:attachment":[{"href":"https:\/\/placidos.com.br\/index.php?rest_route=%2Fwp%2Fv2%2Fmedia&parent=93"}],"curies":[{"name":"wp","href":"https:\/\/api.w.org\/{rel}","templated":true}]}}